{"id":72,"date":"2020-10-05T12:36:53","date_gmt":"2020-10-05T12:36:53","guid":{"rendered":"https:\/\/cass.mockup.com.mx\/index.php\/about\/"},"modified":"2021-10-11T13:35:41","modified_gmt":"2021-10-11T13:35:41","slug":"quienes-somos","status":"publish","type":"page","link":"https:\/\/cass.mockup.com.mx\/index.php\/quienes-somos\/","title":{"rendered":"Qui\u00e9nes Somos"},"content":{"rendered":"\t\t<div data-elementor-type=\"wp-page\" data-elementor-id=\"72\" class=\"elementor elementor-72\" data-elementor-settings=\"[]\">\n\t\t\t\t\t\t<div class=\"elementor-inner\">\n\t\t\t\t\t\t\t<div class=\"elementor-section-wrap\">\n\t\t\t\t\t\t\t<section class=\"elementor-section elementor-top-section elementor-element elementor-element-9798e3e elementor-section-boxed elementor-section-height-default elementor-section-height-default\" data-id=\"9798e3e\" data-element_type=\"section\">\n\t\t\t\t\t\t<div class=\"elementor-container elementor-column-gap-no\">\n\t\t\t\t\t\t\t<div class=\"elementor-row\">\n\t\t\t\t\t<div class=\"aux-parallax-section elementor-column elementor-col-100 elementor-top-column elementor-element elementor-element-f27033c\" data-id=\"f27033c\" data-element_type=\"column\">\n\t\t\t<div class=\"elementor-column-wrap elementor-element-populated\">\n\t\t\t\t\t\t\t<div class=\"elementor-widget-wrap\">\n\t\t\t\t\t\t<section class=\"elementor-section elementor-inner-section elementor-element elementor-element-eb6db59 elementor-section-content-middle elementor-reverse-mobile elementor-section-full_width elementor-section-height-default elementor-section-height-default\" data-id=\"eb6db59\" data-element_type=\"section\">\n\t\t\t\t\t\t<div class=\"elementor-container elementor-column-gap-no\">\n\t\t\t\t\t\t\t<div class=\"elementor-row\">\n\t\t\t\t\t<div class=\"aux-parallax-section elementor-column elementor-col-50 elementor-inner-column elementor-element elementor-element-f8ae2e8\" data-id=\"f8ae2e8\" data-element_type=\"column\">\n\t\t\t<div class=\"elementor-column-wrap elementor-element-populated\">\n\t\t\t\t\t\t\t<div class=\"elementor-widget-wrap\">\n\t\t\t\t\t\t<div class=\"elementor-element elementor-element-b675990 elementor-widget__width-auto elementor-invisible elementor-widget elementor-widget-heading\" data-id=\"b675990\" data-element_type=\"widget\" data-settings=\"{&quot;_animation&quot;:&quot;fadeIn&quot;,&quot;_animation_delay&quot;:100}\" data-widget_type=\"heading.default\">\n\t\t\t\t<div class=\"elementor-widget-container\">\n\t\t\t<h2 class=\"elementor-heading-title elementor-size-default\">Qui\u00e9nes <\/h2>\t\t<\/div>\n\t\t\t\t<\/div>\n\t\t\t\t<div class=\"elementor-element elementor-element-d88f01d elementor-widget__width-auto elementor-invisible elementor-widget elementor-widget-heading\" data-id=\"d88f01d\" data-element_type=\"widget\" data-settings=\"{&quot;_animation&quot;:&quot;fadeIn&quot;,&quot;_animation_delay&quot;:100}\" data-widget_type=\"heading.default\">\n\t\t\t\t<div class=\"elementor-widget-container\">\n\t\t\t<h2 class=\"elementor-heading-title elementor-size-default\">somos<\/h2>\t\t<\/div>\n\t\t\t\t<\/div>\n\t\t\t\t<div class=\"elementor-element elementor-element-c581e5a elementor-widget-divider--view-line elementor-invisible elementor-widget elementor-widget-divider\" data-id=\"c581e5a\" data-element_type=\"widget\" data-settings=\"{&quot;_animation&quot;:&quot;fadeIn&quot;,&quot;_animation_delay&quot;:300}\" data-widget_type=\"divider.default\">\n\t\t\t\t<div class=\"elementor-widget-container\">\n\t\t\t\t\t<div class=\"elementor-divider\">\n\t\t\t<span class=\"elementor-divider-separator\">\n\t\t\t\t\t\t<\/span>\n\t\t<\/div>\n\t\t\t\t<\/div>\n\t\t\t\t<\/div>\n\t\t\t\t<div class=\"elementor-element elementor-element-6c1aa11 aux-appear-watch-animation aux-fade-in-up-1 elementor-widget elementor-widget-aux_modern_heading\" data-id=\"6c1aa11\" data-element_type=\"widget\" data-widget_type=\"aux_modern_heading.default\">\n\t\t\t\t<div class=\"elementor-widget-container\">\n\t\t\t<section class=\"aux-widget-modern-heading\">\n            <div class=\"aux-widget-inner\"><h5 class=\"aux-modern-heading-primary\"><\/h5><h3 class=\"aux-modern-heading-secondary\"><span class=\"aux-head-before\">En m\u00e1s de 35 a\u00f1os ininterrumpidos,<\/span><span class=\"aux-head-highlight\">CASS Abogados <\/span><span class=\"aux-head-after\">se ha consolidado como una firma l\u00edder en su \u00fanica \u00e1rea de especialidad: la Seguridad Social.<\/span><\/h3><\/div>\n        <\/section>\t\t<\/div>\n\t\t\t\t<\/div>\n\t\t\t\t<div class=\"elementor-element elementor-element-0d7ef2d elementor-widget elementor-widget-text-editor\" data-id=\"0d7ef2d\" data-element_type=\"widget\" data-widget_type=\"text-editor.default\">\n\t\t\t\t<div class=\"elementor-widget-container\">\n\t\t\t\t\t\t\t\t<div class=\"elementor-text-editor elementor-clearfix\">\n\t\t\t\t<p>Consultores y Abogados en Seguridad Social, S.C., es una firma que desde hace m\u00e1s de 35 a\u00f1os presta servicios jur\u00eddicos exclusivamente en el Derecho de la Seguridad Social. Fundada en 1985 por el Lic. Javier Pati\u00f1o Rodr\u00edguez, CASS Abogados asesora a las principales empresas de M\u00e9xico, ya sea nacionales o extranjeras, brindando servicios de consultor\u00eda, litigio, auditor\u00eda preventiva y correctiva, dictamen de IMSS e INFONAVIT, asesor\u00eda en pensiones, seguimiento y control de obras de construcci\u00f3n (SIROC), asesor\u00eda en seguridad y salud en el trabajo, entre otros. CASS Abogados nunca ha tenido, no tiene, ni tendr\u00e1 la intenci\u00f3n de ser el despacho m\u00e1s grande de M\u00e9xico en n\u00famero de clientes, volumen de asuntos, o n\u00famero de integrantes; nuestro perfil se enfoca en atender los asuntos m\u00e1s complejos y de trascendencia para el sector empresarial. A lo largo de 35 a\u00f1os ininterrumpidos, CASS se ha consolidado como una firma l\u00edder en su \u00fanica \u00e1rea de especialidad.<\/p>\t\t\t\t\t<\/div>\n\t\t\t\t\t\t<\/div>\n\t\t\t\t<\/div>\n\t\t\t\t<div class=\"elementor-element elementor-element-bba7a2d elementor-widget elementor-widget-text-editor\" data-id=\"bba7a2d\" data-element_type=\"widget\" data-widget_type=\"text-editor.default\">\n\t\t\t\t<div class=\"elementor-widget-container\">\n\t\t\t\t\t\t\t\t<div class=\"elementor-text-editor elementor-clearfix\">\n\t\t\t\t<p>A lo largo de su historia la firma ha sido consultada por el Congreso Mexicano para la elaboraci\u00f3n de reformas en materia de Seguridad Social. La firma participa activamente en los principales colegios de abogados del pa\u00eds, c\u00e1maras empresariales y en la docencia del derecho de la Seguridad Social. La opini\u00f3n de sus integrantes es com\u00fanmente solicitada por los medios de comunicaci\u00f3n. Atendemos asuntos de alta complejidad corporativa, ya sea en consultor\u00eda, representaci\u00f3n de empresas ante el IMSS y el INFONAVIT as\u00ed como litigio antes los tribunales federales y la Suprema Corte de Justicia de la Naci\u00f3n.<\/p>\t\t\t\t\t<\/div>\n\t\t\t\t\t\t<\/div>\n\t\t\t\t<\/div>\n\t\t\t\t\t\t<\/div>\n\t\t\t\t\t<\/div>\n\t\t<\/div>\n\t\t\t\t<div class=\"aux-parallax-section elementor-column elementor-col-50 elementor-inner-column elementor-element elementor-element-5333168\" data-id=\"5333168\" data-element_type=\"column\">\n\t\t\t<div class=\"elementor-column-wrap elementor-element-populated\">\n\t\t\t\t\t\t\t<div class=\"elementor-widget-wrap\">\n\t\t\t\t\t\t<div class=\"elementor-element elementor-element-dcc95f4 aux-appear-watch-animation aux-mask-from-left elementor-widget elementor-widget-aux_image\" data-id=\"dcc95f4\" data-element_type=\"widget\" data-widget_type=\"aux_image.default\">\n\t\t\t\t<div class=\"elementor-widget-container\">\n\t\t\t<section class=\"widget-container aux-widget-image aux-alignnone aux-parent-au3fa89b3a\" style=\"\" >\n    <div class=\"aux-media-hint-frame \">\n        <div class=\"aux-media-image \" >\n        \n            \n\n            \n            <img loading=\"lazy\" width=\"810\" height=\"700\" src=\"https:\/\/cass.mockup.com.mx\/wp-content\/uploads\/2021\/08\/SEDE-CASS2-810x700.jpg\" class=\"aux-attachment aux-featured-image aux-attachment-id-815\" alt=\"SEDE CASS2\" srcset=\"https:\/\/cass.mockup.com.mx\/wp-content\/uploads\/2021\/08\/SEDE-CASS2-150x130.jpg 150w,https:\/\/cass.mockup.com.mx\/wp-content\/uploads\/2021\/08\/SEDE-CASS2-300x259.jpg 300w,https:\/\/cass.mockup.com.mx\/wp-content\/uploads\/2021\/08\/SEDE-CASS2-768x664.jpg 768w,https:\/\/cass.mockup.com.mx\/wp-content\/uploads\/2021\/08\/SEDE-CASS2-1024x885.jpg 1024w,https:\/\/cass.mockup.com.mx\/wp-content\/uploads\/2021\/08\/SEDE-CASS2-810x700.jpg 810w\" data-ratio=\"1.16\" data-original-w=\"1452\" sizes=\"(max-width:479px) 480px,(max-width:767px) 768px,(max-width:1023px) 1024px,810px\" \/>            \n                <\/div>\n    <\/div>\n\n<\/section><!-- widget-container -->\t\t<\/div>\n\t\t\t\t<\/div>\n\t\t\t\t<div class=\"elementor-element elementor-element-caaac00 elementor-widget elementor-widget-text-editor\" data-id=\"caaac00\" data-element_type=\"widget\" data-widget_type=\"text-editor.default\">\n\t\t\t\t<div class=\"elementor-widget-container\">\n\t\t\t\t\t\t\t\t<div class=\"elementor-text-editor elementor-clearfix\">\n\t\t\t\t<h4>Misi\u00f3n<\/h4><p>Soluciones en seguridad social agregando valor a las empresas.<\/p><h4>Visi\u00f3n<\/h4><p>Conservar y enriquecer el liderazgo en el Derecho de la Seguridad Social en M\u00e9xico.<\/p><h4>Valores<\/h4><p>&#8211; Resultados<br \/>&#8211; Profesionalismo <br \/>&#8211; Confidencialidad<br \/>&#8211; Compromiso<\/p>\t\t\t\t\t<\/div>\n\t\t\t\t\t\t<\/div>\n\t\t\t\t<\/div>\n\t\t\t\t<div class=\"elementor-element elementor-element-51d52fd elementor-hidden-desktop elementor-hidden-tablet elementor-hidden-mobile elementor-widget elementor-widget-text-editor\" data-id=\"51d52fd\" data-element_type=\"widget\" data-widget_type=\"text-editor.default\">\n\t\t\t\t<div class=\"elementor-widget-container\">\n\t\t\t\t\t\t\t\t<div class=\"elementor-text-editor elementor-clearfix\">\n\t\t\t\t<h4>Algunos de nuestros logros son:<\/h4><p style=\"padding-left: 40px;\">&#8211; Creaci\u00f3n de una clase para la industria del concreto<\/p>\t\t\t\t\t<\/div>\n\t\t\t\t\t\t<\/div>\n\t\t\t\t<\/div>\n\t\t\t\t\t\t<\/div>\n\t\t\t\t\t<\/div>\n\t\t<\/div>\n\t\t\t\t\t\t\t\t<\/div>\n\t\t\t\t\t<\/div>\n\t\t<\/section>\n\t\t\t\t\t\t<\/div>\n\t\t\t\t\t<\/div>\n\t\t<\/div>\n\t\t\t\t\t\t\t\t<\/div>\n\t\t\t\t\t<\/div>\n\t\t<\/section>\n\t\t\t\t<section class=\"elementor-section elementor-top-section elementor-element elementor-element-bddd739 elementor-section-content-middle elementor-section-boxed elementor-section-height-default elementor-section-height-default\" data-id=\"bddd739\" data-element_type=\"section\" data-settings=\"{&quot;background_background&quot;:&quot;classic&quot;}\">\n\t\t\t\t\t\t\t<div class=\"elementor-background-overlay\"><\/div>\n\t\t\t\t\t\t\t<div class=\"elementor-container elementor-column-gap-default\">\n\t\t\t\t\t\t\t<div class=\"elementor-row\">\n\t\t\t\t\t<div class=\"aux-parallax-section elementor-column elementor-col-100 elementor-top-column elementor-element elementor-element-3ca3f1a\" data-id=\"3ca3f1a\" data-element_type=\"column\">\n\t\t\t<div class=\"elementor-column-wrap elementor-element-populated\">\n\t\t\t\t\t\t\t<div class=\"elementor-widget-wrap\">\n\t\t\t\t\t\t<div class=\"elementor-element elementor-element-30dceb6 elementor-invisible elementor-widget elementor-widget-heading\" data-id=\"30dceb6\" data-element_type=\"widget\" data-settings=\"{&quot;_animation&quot;:&quot;fadeIn&quot;,&quot;_animation_delay&quot;:100}\" data-widget_type=\"heading.default\">\n\t\t\t\t<div class=\"elementor-widget-container\">\n\t\t\t<h2 class=\"elementor-heading-title elementor-size-default\">L\u00edderes en nuestra \u00fanica \u00e1rea de especialidad<\/h2>\t\t<\/div>\n\t\t\t\t<\/div>\n\t\t\t\t\t\t<\/div>\n\t\t\t\t\t<\/div>\n\t\t<\/div>\n\t\t\t\t\t\t\t\t<\/div>\n\t\t\t\t\t<\/div>\n\t\t<\/section>\n\t\t\t\t\t\t<\/div>\n\t\t\t\t\t\t<\/div>\n\t\t\t\t\t<\/div>\n\t\t","protected":false},"excerpt":{"rendered":"<p>Qui\u00e9nes somos En m\u00e1s de 35 a\u00f1os ininterrumpidos,CASS Abogados se ha consolidado como una firma l\u00edder en su \u00fanica \u00e1rea de especialidad: la Seguridad Social. Consultores y Abogados en Seguridad Social, S.C., es una firma que desde hace m\u00e1s de 35 a\u00f1os presta servicios jur\u00eddicos exclusivamente en el Derecho de la Seguridad Social. Fundada en [&hellip;]<\/p>\n","protected":false},"author":1,"featured_media":0,"parent":0,"menu_order":0,"comment_status":"closed","ping_status":"closed","template":"elementor_header_footer","meta":{"_monsterinsights_skip_tracking":false,"_monsterinsights_sitenote_active":false,"_monsterinsights_sitenote_note":"","_monsterinsights_sitenote_category":0},"_links":{"self":[{"href":"https:\/\/cass.mockup.com.mx\/index.php\/wp-json\/wp\/v2\/pages\/72"}],"collection":[{"href":"https:\/\/cass.mockup.com.mx\/index.php\/wp-json\/wp\/v2\/pages"}],"about":[{"href":"https:\/\/cass.mockup.com.mx\/index.php\/wp-json\/wp\/v2\/types\/page"}],"author":[{"embeddable":true,"href":"https:\/\/cass.mockup.com.mx\/index.php\/wp-json\/wp\/v2\/users\/1"}],"replies":[{"embeddable":true,"href":"https:\/\/cass.mockup.com.mx\/index.php\/wp-json\/wp\/v2\/comments?post=72"}],"version-history":[{"count":175,"href":"https:\/\/cass.mockup.com.mx\/index.php\/wp-json\/wp\/v2\/pages\/72\/revisions"}],"predecessor-version":[{"id":2529,"href":"https:\/\/cass.mockup.com.mx\/index.php\/wp-json\/wp\/v2\/pages\/72\/revisions\/2529"}],"wp:attachment":[{"href":"https:\/\/cass.mockup.com.mx\/index.php\/wp-json\/wp\/v2\/media?parent=72"}],"curies":[{"name":"wp","href":"https:\/\/api.w.org\/{rel}","templated":true}]}}