{"id":2014,"date":"2021-09-13T15:34:35","date_gmt":"2021-09-13T15:34:35","guid":{"rendered":"https:\/\/cass.mockup.com.mx\/?page_id=2014"},"modified":"2021-09-13T17:40:44","modified_gmt":"2021-09-13T17:40:44","slug":"aseguramiento-de-trabajadores-expatriados","status":"publish","type":"page","link":"https:\/\/cass.mockup.com.mx\/index.php\/aseguramiento-de-trabajadores-expatriados\/","title":{"rendered":"Aseguramiento de trabajadores expatriados"},"content":{"rendered":"\t\t<div data-elementor-type=\"wp-page\" data-elementor-id=\"2014\" class=\"elementor elementor-2014\" data-elementor-settings=\"[]\">\n\t\t\t\t\t\t<div class=\"elementor-inner\">\n\t\t\t\t\t\t\t<div class=\"elementor-section-wrap\">\n\t\t\t\t\t\t\t<section class=\"elementor-section elementor-top-section elementor-element elementor-element-c82ee1c elementor-section-boxed elementor-section-height-default elementor-section-height-default\" data-id=\"c82ee1c\" data-element_type=\"section\">\n\t\t\t\t\t\t<div class=\"elementor-container elementor-column-gap-default\">\n\t\t\t\t\t\t\t<div class=\"elementor-row\">\n\t\t\t\t\t<div class=\"aux-parallax-section elementor-column elementor-col-100 elementor-top-column elementor-element elementor-element-ca7be55\" data-id=\"ca7be55\" data-element_type=\"column\">\n\t\t\t<div class=\"elementor-column-wrap elementor-element-populated\">\n\t\t\t\t\t\t\t<div class=\"elementor-widget-wrap\">\n\t\t\t\t\t\t<section class=\"elementor-section elementor-inner-section elementor-element elementor-element-6bf276b elementor-section-content-middle elementor-reverse-mobile elementor-section-full_width elementor-section-height-default elementor-section-height-default\" data-id=\"6bf276b\" data-element_type=\"section\" data-settings=\"{&quot;background_background&quot;:&quot;classic&quot;}\">\n\t\t\t\t\t\t<div class=\"elementor-container elementor-column-gap-no\">\n\t\t\t\t\t\t\t<div class=\"elementor-row\">\n\t\t\t\t\t<div class=\"aux-parallax-section elementor-column elementor-col-50 elementor-inner-column elementor-element elementor-element-2326126a\" data-id=\"2326126a\" data-element_type=\"column\">\n\t\t\t<div class=\"elementor-column-wrap elementor-element-populated\">\n\t\t\t\t\t\t\t<div class=\"elementor-widget-wrap\">\n\t\t\t\t\t\t<div class=\"elementor-element elementor-element-64d61fa4 aux-appear-watch-animation aux-fade-in-up-1 elementor-widget elementor-widget-aux_modern_heading\" data-id=\"64d61fa4\" data-element_type=\"widget\" data-widget_type=\"aux_modern_heading.default\">\n\t\t\t\t<div class=\"elementor-widget-container\">\n\t\t\t<section class=\"aux-widget-modern-heading\">\n            <div class=\"aux-widget-inner\"><h5 class=\"aux-modern-heading-primary\">SERVICIOS<\/h5><h3 class=\"aux-modern-heading-secondary\"><span class=\"aux-head-before\">Aseguramiento de<\/span><span class=\"aux-head-highlight\">trabajadores expatriados<\/span><\/h3><div class=\"aux-modern-heading-divider\"><\/div><\/div>\n        <\/section>\t\t<\/div>\n\t\t\t\t<\/div>\n\t\t\t\t<div class=\"elementor-element elementor-element-6979fc4 elementor-widget elementor-widget-text-editor\" data-id=\"6979fc4\" data-element_type=\"widget\" data-widget_type=\"text-editor.default\">\n\t\t\t\t<div class=\"elementor-widget-container\">\n\t\t\t\t\t\t\t\t<div class=\"elementor-text-editor elementor-clearfix\">\n\t\t\t\t<p class=\"m_-7828475430206919952elementor-icon-list-item\"><span class=\"m_-7828475430206919952elementor-icon-list-text\">Orientamos y apoyamos a las empresas en el aseguramiento al IMSS, de los trabajadores extranjeros que laboren en territorio nacional, as\u00ed como del personal mexicano con comisiones en el extranjero.<u><\/u><u><\/u><\/span><\/p><p class=\"m_-7828475430206919952elementor-icon-list-item\"><span class=\"m_-7828475430206919952elementor-icon-list-text\">Incluye la interpretaci\u00f3n y aplicaci\u00f3n, en su caso, de convenios internacionales en cuanto al otorgamiento y pago de prestaciones.<\/span><\/p>\t\t\t\t\t<\/div>\n\t\t\t\t\t\t<\/div>\n\t\t\t\t<\/div>\n\t\t\t\t\t\t<\/div>\n\t\t\t\t\t<\/div>\n\t\t<\/div>\n\t\t\t\t<div class=\"aux-parallax-section elementor-column elementor-col-50 elementor-inner-column elementor-element elementor-element-76ce3cf8\" data-id=\"76ce3cf8\" data-element_type=\"column\" data-settings=\"{&quot;background_background&quot;:&quot;classic&quot;}\">\n\t\t\t<div class=\"elementor-column-wrap elementor-element-populated\">\n\t\t\t\t\t<div class=\"elementor-background-overlay\"><\/div>\n\t\t\t\t\t\t\t<div class=\"elementor-widget-wrap\">\n\t\t\t\t\t\t<div class=\"elementor-element elementor-element-a630928 elementor-widget elementor-widget-spacer\" data-id=\"a630928\" data-element_type=\"widget\" data-widget_type=\"spacer.default\">\n\t\t\t\t<div class=\"elementor-widget-container\">\n\t\t\t\t\t<div class=\"elementor-spacer\">\n\t\t\t<div class=\"elementor-spacer-inner\"><\/div>\n\t\t<\/div>\n\t\t\t\t<\/div>\n\t\t\t\t<\/div>\n\t\t\t\t\t\t<\/div>\n\t\t\t\t\t<\/div>\n\t\t<\/div>\n\t\t\t\t\t\t\t\t<\/div>\n\t\t\t\t\t<\/div>\n\t\t<\/section>\n\t\t\t\t\t\t<\/div>\n\t\t\t\t\t<\/div>\n\t\t<\/div>\n\t\t\t\t\t\t\t\t<\/div>\n\t\t\t\t\t<\/div>\n\t\t<\/section>\n\t\t\t\t\t\t<\/div>\n\t\t\t\t\t\t<\/div>\n\t\t\t\t\t<\/div>\n\t\t","protected":false},"excerpt":{"rendered":"<p>SERVICIOS Aseguramiento detrabajadores expatriados Orientamos y apoyamos a las empresas en el aseguramiento al IMSS, de los trabajadores extranjeros que laboren en territorio nacional, as\u00ed como del personal mexicano con comisiones en el extranjero. Incluye la interpretaci\u00f3n y aplicaci\u00f3n, en su caso, de convenios internacionales en cuanto al otorgamiento y pago de prestaciones.<\/p>\n","protected":false},"author":1,"featured_media":0,"parent":0,"menu_order":0,"comment_status":"closed","ping_status":"closed","template":"elementor_header_footer","meta":{"_monsterinsights_skip_tracking":false,"_monsterinsights_sitenote_active":false,"_monsterinsights_sitenote_note":"","_monsterinsights_sitenote_category":0},"_links":{"self":[{"href":"https:\/\/cass.mockup.com.mx\/index.php\/wp-json\/wp\/v2\/pages\/2014"}],"collection":[{"href":"https:\/\/cass.mockup.com.mx\/index.php\/wp-json\/wp\/v2\/pages"}],"about":[{"href":"https:\/\/cass.mockup.com.mx\/index.php\/wp-json\/wp\/v2\/types\/page"}],"author":[{"embeddable":true,"href":"https:\/\/cass.mockup.com.mx\/index.php\/wp-json\/wp\/v2\/users\/1"}],"replies":[{"embeddable":true,"href":"https:\/\/cass.mockup.com.mx\/index.php\/wp-json\/wp\/v2\/comments?post=2014"}],"version-history":[{"count":15,"href":"https:\/\/cass.mockup.com.mx\/index.php\/wp-json\/wp\/v2\/pages\/2014\/revisions"}],"predecessor-version":[{"id":2182,"href":"https:\/\/cass.mockup.com.mx\/index.php\/wp-json\/wp\/v2\/pages\/2014\/revisions\/2182"}],"wp:attachment":[{"href":"https:\/\/cass.mockup.com.mx\/index.php\/wp-json\/wp\/v2\/media?parent=2014"}],"curies":[{"name":"wp","href":"https:\/\/api.w.org\/{rel}","templated":true}]}}