{"id":1919,"date":"2021-09-13T13:04:31","date_gmt":"2021-09-13T13:04:31","guid":{"rendered":"https:\/\/cass.mockup.com.mx\/?page_id=1919"},"modified":"2021-09-29T16:04:40","modified_gmt":"2021-09-29T16:04:40","slug":"sebastian-patino-jimenez","status":"publish","type":"page","link":"https:\/\/cass.mockup.com.mx\/index.php\/equipo\/sebastian-patino-jimenez\/","title":{"rendered":"Sebasti\u00e1n Pati\u00f1o Jim\u00e9nez"},"content":{"rendered":"\t\t<div data-elementor-type=\"wp-page\" data-elementor-id=\"1919\" class=\"elementor elementor-1919\" data-elementor-settings=\"[]\">\n\t\t\t\t\t\t<div class=\"elementor-inner\">\n\t\t\t\t\t\t\t<div class=\"elementor-section-wrap\">\n\t\t\t\t\t\t\t<section class=\"elementor-section elementor-top-section elementor-element elementor-element-872e893 elementor-section-boxed elementor-section-height-default elementor-section-height-default\" data-id=\"872e893\" data-element_type=\"section\">\n\t\t\t\t\t\t<div class=\"elementor-container elementor-column-gap-default\">\n\t\t\t\t\t\t\t<div class=\"elementor-row\">\n\t\t\t\t\t<div class=\"aux-parallax-section elementor-column elementor-col-100 elementor-top-column elementor-element elementor-element-83ceb12\" data-id=\"83ceb12\" data-element_type=\"column\">\n\t\t\t<div class=\"elementor-column-wrap elementor-element-populated\">\n\t\t\t\t\t\t\t<div class=\"elementor-widget-wrap\">\n\t\t\t\t\t\t<section class=\"elementor-section elementor-inner-section elementor-element elementor-element-f50c6de elementor-section-content-middle elementor-reverse-mobile elementor-section-full_width elementor-section-height-default elementor-section-height-default\" data-id=\"f50c6de\" data-element_type=\"section\" data-settings=\"{&quot;background_background&quot;:&quot;classic&quot;}\">\n\t\t\t\t\t\t<div class=\"elementor-container elementor-column-gap-no\">\n\t\t\t\t\t\t\t<div class=\"elementor-row\">\n\t\t\t\t\t<div class=\"aux-parallax-section elementor-column elementor-col-50 elementor-inner-column elementor-element elementor-element-2b8aeeb\" data-id=\"2b8aeeb\" data-element_type=\"column\">\n\t\t\t<div class=\"elementor-column-wrap elementor-element-populated\">\n\t\t\t\t\t\t\t<div class=\"elementor-widget-wrap\">\n\t\t\t\t\t\t<div class=\"elementor-element elementor-element-633f2b7 aux-appear-watch-animation aux-fade-in-up-1 elementor-widget elementor-widget-aux_modern_heading\" data-id=\"633f2b7\" data-element_type=\"widget\" data-widget_type=\"aux_modern_heading.default\">\n\t\t\t\t<div class=\"elementor-widget-container\">\n\t\t\t<section class=\"aux-widget-modern-heading\">\n            <div class=\"aux-widget-inner\"><h5 class=\"aux-modern-heading-primary\"><\/h5><h3 class=\"aux-modern-heading-secondary\"><span class=\"aux-head-before\">Sebasti\u00e1n Pati\u00f1o Jim\u00e9nez<\/span><\/h3><div class=\"aux-modern-heading-divider\"><\/div><\/div>\n        <\/section>\t\t<\/div>\n\t\t\t\t<\/div>\n\t\t\t\t<div class=\"elementor-element elementor-element-61fbea5 elementor-widget elementor-widget-text-editor\" data-id=\"61fbea5\" data-element_type=\"widget\" data-widget_type=\"text-editor.default\">\n\t\t\t\t<div class=\"elementor-widget-container\">\n\t\t\t\t\t\t\t\t<div class=\"elementor-text-editor elementor-clearfix\">\n\t\t\t\t<p>Sebasti\u00e1n es egresado de la Universidad Panamericana. Se incorpor\u00f3 a CASS en 2015 y desde el a\u00f1o 2018 es socio de la firma.<\/p><p>Asesora permanente a empresas en las \u00e1reas de consultor\u00eda auditor\u00eda \/ controversia y litigio. Busca explicar de forma detallada el impacto de las pol\u00edticas del IMSS en las decisiones de las empresas. Representa directamente a los patrones ante el Nivel Central del IMSS y el INFONAVIT.<\/p><p>Es miembro de la Barra Mexicana, Colegio de Abogados, A.C., del Ilustre y Nacional Colegio de Abogados de M\u00e9xico, A.C., de la Union Internationale des Avocas y de la Asociaci\u00f3n Nacional de Abogados de Empresa, Colegio de Abogados A.C.<\/p><p>Actualmente es Coordinador del Comit\u00e9 de Seguridad Social; Vocal del Consejo Directivo Nacional de ANADE, Consejero en Consejo General de la Abogac\u00eda Mexicana y Coordinador de la Comisi\u00f3n de Seguridad Social de la Academia Mexicana de Derecho Fiscal, A.C., siendo el miembro m\u00e1s joven en dichos papeles.<\/p><p>Sebasti\u00e1n es profesor titular de la Maestr\u00eda en Derecho Laboral y la Maestr\u00eda en Derecho Procesal Fiscal de la Universidad Panamericana, en los Campus M\u00e9xico y Campus Guadalajara.<\/p><p>Ha sido profesor invitado en las universidades: Iberoamericana, Escuela Libre de Derecho, UNAM, La Salle, An\u00e1huac, Aut\u00f3noma de Baja California y el Tecnol\u00f3gico de Monterrey.<\/p><p>Participa regularmente como ponente en foros relacionados con la Seguridad Social, entre los que destacan: C\u00e1mara Espa\u00f1ola de Comercio, American Chamber of Mexico, COPARMEX, CONCAMIN, La C\u00e1mara Mexicana de Comercio en el Reino Unido con sede en Londres y el Poder Judicial de Estado de Nuevo Le\u00f3n.<\/p><p>Antes de incorporarse a CASS, Sebasti\u00e1n colabor\u00f3 en notar\u00edas p\u00fablicas y en dos despachos de abogados dedicados a la materia tributaria y al litigio constitucional, respectivamente.<\/p><p>Regularmente los medios comunicaci\u00f3n piden su opini\u00f3n sobre temas relacionados con la seguridad social en M\u00e9xico.<\/p>\t\t\t\t\t<\/div>\n\t\t\t\t\t\t<\/div>\n\t\t\t\t<\/div>\n\t\t\t\t\t\t<\/div>\n\t\t\t\t\t<\/div>\n\t\t<\/div>\n\t\t\t\t<div class=\"aux-parallax-section elementor-column elementor-col-50 elementor-inner-column elementor-element elementor-element-ad4b655\" data-id=\"ad4b655\" data-element_type=\"column\" data-settings=\"{&quot;background_background&quot;:&quot;classic&quot;}\">\n\t\t\t<div class=\"elementor-column-wrap elementor-element-populated\">\n\t\t\t\t\t<div class=\"elementor-background-overlay\"><\/div>\n\t\t\t\t\t\t\t<div class=\"elementor-widget-wrap\">\n\t\t\t\t\t\t<div class=\"elementor-element elementor-element-9c63b4a elementor-widget elementor-widget-image\" data-id=\"9c63b4a\" data-element_type=\"widget\" data-widget_type=\"image.default\">\n\t\t\t\t<div class=\"elementor-widget-container\">\n\t\t\t\t\t\t\t\t<div class=\"elementor-image\">\n\t\t\t\t\t\t\t\t\t\t\t\t<img width=\"1829\" height=\"2560\" src=\"https:\/\/cass.mockup.com.mx\/wp-content\/uploads\/2021\/09\/32_HH0718_1219_print.jpg\" class=\"attachment-full size-full\" alt=\"\" loading=\"lazy\" srcset=\"https:\/\/cass.mockup.com.mx\/wp-content\/uploads\/2021\/09\/32_HH0718_1219_print.jpg 1829w, https:\/\/cass.mockup.com.mx\/wp-content\/uploads\/2021\/09\/32_HH0718_1219_print-1097x1536.jpg 1097w, https:\/\/cass.mockup.com.mx\/wp-content\/uploads\/2021\/09\/32_HH0718_1219_print-1463x2048.jpg 1463w\" sizes=\"(max-width: 1829px) 100vw, 1829px\" \/>\t\t\t\t\t\t\t\t\t\t\t\t\t\t<\/div>\n\t\t\t\t\t\t<\/div>\n\t\t\t\t<\/div>\n\t\t\t\t<div class=\"elementor-element elementor-element-c906986 elementor-widget elementor-widget-text-editor\" data-id=\"c906986\" data-element_type=\"widget\" data-widget_type=\"text-editor.default\">\n\t\t\t\t<div class=\"elementor-widget-container\">\n\t\t\t\t\t\t\t\t<div class=\"elementor-text-editor elementor-clearfix\">\n\t\t\t\t<p><strong><em>\u201cEl Derecho de la Seguridad Social no es Derecho Fiscal, ni es Derecho Laboral, <\/em><\/strong><strong><em>es Derecho de la Seguridad Social\u201d<\/em> <\/strong>suele decir Sebasti\u00e1n al referirse a la rama del Derecho que practica.<\/p>\t\t\t\t\t<\/div>\n\t\t\t\t\t\t<\/div>\n\t\t\t\t<\/div>\n\t\t\t\t\t\t<\/div>\n\t\t\t\t\t<\/div>\n\t\t<\/div>\n\t\t\t\t\t\t\t\t<\/div>\n\t\t\t\t\t<\/div>\n\t\t<\/section>\n\t\t\t\t\t\t<\/div>\n\t\t\t\t\t<\/div>\n\t\t<\/div>\n\t\t\t\t\t\t\t\t<\/div>\n\t\t\t\t\t<\/div>\n\t\t<\/section>\n\t\t\t\t\t\t<\/div>\n\t\t\t\t\t\t<\/div>\n\t\t\t\t\t<\/div>\n\t\t","protected":false},"excerpt":{"rendered":"<p>Sebasti\u00e1n Pati\u00f1o Jim\u00e9nez Sebasti\u00e1n es egresado de la Universidad Panamericana. Se incorpor\u00f3 a CASS en 2015 y desde el a\u00f1o 2018 es socio de la firma. Asesora permanente a empresas en las \u00e1reas de consultor\u00eda auditor\u00eda \/ controversia y litigio. Busca explicar de forma detallada el impacto de las pol\u00edticas del IMSS en las decisiones [&hellip;]<\/p>\n","protected":false},"author":1,"featured_media":0,"parent":1622,"menu_order":0,"comment_status":"closed","ping_status":"closed","template":"elementor_header_footer","meta":{"_monsterinsights_skip_tracking":false,"_monsterinsights_sitenote_active":false,"_monsterinsights_sitenote_note":"","_monsterinsights_sitenote_category":0},"_links":{"self":[{"href":"https:\/\/cass.mockup.com.mx\/index.php\/wp-json\/wp\/v2\/pages\/1919"}],"collection":[{"href":"https:\/\/cass.mockup.com.mx\/index.php\/wp-json\/wp\/v2\/pages"}],"about":[{"href":"https:\/\/cass.mockup.com.mx\/index.php\/wp-json\/wp\/v2\/types\/page"}],"author":[{"embeddable":true,"href":"https:\/\/cass.mockup.com.mx\/index.php\/wp-json\/wp\/v2\/users\/1"}],"replies":[{"embeddable":true,"href":"https:\/\/cass.mockup.com.mx\/index.php\/wp-json\/wp\/v2\/comments?post=1919"}],"version-history":[{"count":22,"href":"https:\/\/cass.mockup.com.mx\/index.php\/wp-json\/wp\/v2\/pages\/1919\/revisions"}],"predecessor-version":[{"id":2428,"href":"https:\/\/cass.mockup.com.mx\/index.php\/wp-json\/wp\/v2\/pages\/1919\/revisions\/2428"}],"up":[{"embeddable":true,"href":"https:\/\/cass.mockup.com.mx\/index.php\/wp-json\/wp\/v2\/pages\/1622"}],"wp:attachment":[{"href":"https:\/\/cass.mockup.com.mx\/index.php\/wp-json\/wp\/v2\/media?parent=1919"}],"curies":[{"name":"wp","href":"https:\/\/api.w.org\/{rel}","templated":true}]}}