{"id":1909,"date":"2021-09-13T12:52:51","date_gmt":"2021-09-13T12:52:51","guid":{"rendered":"https:\/\/cass.mockup.com.mx\/?page_id=1909"},"modified":"2021-09-29T16:03:30","modified_gmt":"2021-09-29T16:03:30","slug":"javier-patino-jimenez","status":"publish","type":"page","link":"https:\/\/cass.mockup.com.mx\/index.php\/equipo\/javier-patino-jimenez\/","title":{"rendered":"Javier Pati\u00f1o Jim\u00e9nez"},"content":{"rendered":"\t\t<div data-elementor-type=\"wp-page\" data-elementor-id=\"1909\" class=\"elementor elementor-1909\" data-elementor-settings=\"[]\">\n\t\t\t\t\t\t<div class=\"elementor-inner\">\n\t\t\t\t\t\t\t<div class=\"elementor-section-wrap\">\n\t\t\t\t\t\t\t<section class=\"elementor-section elementor-top-section elementor-element elementor-element-25591bc elementor-section-boxed elementor-section-height-default elementor-section-height-default\" data-id=\"25591bc\" data-element_type=\"section\">\n\t\t\t\t\t\t<div class=\"elementor-container elementor-column-gap-default\">\n\t\t\t\t\t\t\t<div class=\"elementor-row\">\n\t\t\t\t\t<div class=\"aux-parallax-section elementor-column elementor-col-100 elementor-top-column elementor-element elementor-element-6357e75\" data-id=\"6357e75\" data-element_type=\"column\">\n\t\t\t<div class=\"elementor-column-wrap elementor-element-populated\">\n\t\t\t\t\t\t\t<div class=\"elementor-widget-wrap\">\n\t\t\t\t\t\t<section class=\"elementor-section elementor-inner-section elementor-element elementor-element-1813d0b elementor-section-content-middle elementor-reverse-mobile elementor-section-full_width elementor-section-height-default elementor-section-height-default\" data-id=\"1813d0b\" data-element_type=\"section\" data-settings=\"{&quot;background_background&quot;:&quot;classic&quot;}\">\n\t\t\t\t\t\t<div class=\"elementor-container elementor-column-gap-no\">\n\t\t\t\t\t\t\t<div class=\"elementor-row\">\n\t\t\t\t\t<div class=\"aux-parallax-section elementor-column elementor-col-50 elementor-inner-column elementor-element elementor-element-3031a09\" data-id=\"3031a09\" data-element_type=\"column\">\n\t\t\t<div class=\"elementor-column-wrap elementor-element-populated\">\n\t\t\t\t\t\t\t<div class=\"elementor-widget-wrap\">\n\t\t\t\t\t\t<div class=\"elementor-element elementor-element-37ab783 aux-appear-watch-animation aux-fade-in-up-1 elementor-widget elementor-widget-aux_modern_heading\" data-id=\"37ab783\" data-element_type=\"widget\" data-widget_type=\"aux_modern_heading.default\">\n\t\t\t\t<div class=\"elementor-widget-container\">\n\t\t\t<section class=\"aux-widget-modern-heading\">\n            <div class=\"aux-widget-inner\"><h5 class=\"aux-modern-heading-primary\"><\/h5><h3 class=\"aux-modern-heading-secondary\"><span class=\"aux-head-before\">Javier Pati\u00f1o Rodr\u00edguez<\/span><\/h3><\/div>\n        <\/section>\t\t<\/div>\n\t\t\t\t<\/div>\n\t\t\t\t<div class=\"elementor-element elementor-element-9b023d0 elementor-widget__width-auto elementor-view-default elementor-widget elementor-widget-icon\" data-id=\"9b023d0\" data-element_type=\"widget\" data-widget_type=\"icon.default\">\n\t\t\t\t<div class=\"elementor-widget-container\">\n\t\t\t\t\t<div class=\"elementor-icon-wrapper\">\n\t\t\t<a class=\"elementor-icon\" href=\"mailto:cass@cass-abogados.com\">\n\t\t\t<i aria-hidden=\"true\" class=\"auxicon auxicon-email-mail-streamline\"><\/i>\t\t\t<\/a>\n\t\t<\/div>\n\t\t\t\t<\/div>\n\t\t\t\t<\/div>\n\t\t\t\t<div class=\"elementor-element elementor-element-f498104 elementor-widget__width-auto elementor-widget elementor-widget-heading\" data-id=\"f498104\" data-element_type=\"widget\" data-widget_type=\"heading.default\">\n\t\t\t\t<div class=\"elementor-widget-container\">\n\t\t\t<h2 class=\"elementor-heading-title elementor-size-default\">Socio Director<\/h2>\t\t<\/div>\n\t\t\t\t<\/div>\n\t\t\t\t<div class=\"elementor-element elementor-element-c3770ff elementor-widget-divider--view-line elementor-widget elementor-widget-divider\" data-id=\"c3770ff\" data-element_type=\"widget\" data-widget_type=\"divider.default\">\n\t\t\t\t<div class=\"elementor-widget-container\">\n\t\t\t\t\t<div class=\"elementor-divider\">\n\t\t\t<span class=\"elementor-divider-separator\">\n\t\t\t\t\t\t<\/span>\n\t\t<\/div>\n\t\t\t\t<\/div>\n\t\t\t\t<\/div>\n\t\t\t\t<div class=\"elementor-element elementor-element-77fe98e elementor-widget elementor-widget-text-editor\" data-id=\"77fe98e\" data-element_type=\"widget\" data-widget_type=\"text-editor.default\">\n\t\t\t\t<div class=\"elementor-widget-container\">\n\t\t\t\t\t\t\t\t<div class=\"elementor-text-editor elementor-clearfix\">\n\t\t\t\t<p>Javier es egresado de la Facultad de Derecho de la UNAM. fund\u00f3 CASS el 10 de marzo de 1985. Desde entonces es el Socio Director de la firma.<\/p><p>Javier es ampliamente reconocido en los \u00e1mbitos empresarial y gremial como un referente de la seguridad social. Frecuentemente es consultado por fiscalistas, laboralistas y corporativistas sobre el impacto de las Javier es miembro de la \u201cBARRA MEXICANA COLEGIO DE ABOGADOS, A.C. (BMA)\u201d y de la \u201cASOCIACION NACIONAL DE ABOGADOS DE EMPRESA, A.C.\u201d. (ANADE) y del ILUSTRE Y NACIONAL COLEGIO DE ABOGADOS DE MEXICO, A.C. (INCAM) y miembro de n\u00famero de la \u201cASOCIACION IBEROAMERICANA DE DERECHO DEL TRABAJO Y DE LA SEGURIDAD SOCIAL\u201d.<\/p><p>Entre otras responsabilidades, ha participado como:<\/p><p>&#8211; Miembro de la Comisi\u00f3n Jur\u00eddica de la \u201cCONFEDERACION DE CAMARAS INDUSTRIALES DE LOS ESTADOS UNIDOS MEXICANOS\u201d. (CONCAMIN)<br \/>&#8211; Miembro de la Comisi\u00f3n Consultiva Nacional de Seguridad e Higiene en el Trabajo en la SECRETARIA DEL TRABAJO Y PREVISION SOCIAL.<br \/>&#8211; Miembro del Comit\u00e9 de Derecho Laboral y Seguridad Social del \u201cCONSEJO COORDINADOR EMPRESARIAL\u201d. (C.C.E.)<br \/>&#8211; Fue coordinador de la Comisi\u00f3n de Seguridad Social, en la \u201cCAMARA MEXICANA DE LA INDUSTRIA DE LA CONSTRUCCION\u201d (CMIC)<br \/>Subcoordinador de la Comisi\u00f3n de Derecho del Trabajo y Seguridad Social de la \u201cBARRA MEXICANA COLEGIO DE ABOGADOS, A.C.\u201d. y Coordinador del Comit\u00e9 de Seguridad Social de la ASOCIACION NACIONAL DE ABOGADOS DE EMPRESA, A.C.<br \/>&#8211; En distintas legislaturas, Javier ha sido consultado por el Senado de la Rep\u00fablica, como especialista en Seguridad Social para la reforma a distintos ordenamientos legales en materia de seguro social.<br \/>&#8211; Ha participado en diversos foros nacionales e internacionales en materia de seguridad social.<br \/>&#8211; Ha dictado diversas pl\u00e1ticas, cursos y seminarios, en materia de seguro social e Infonavit.<br \/>&#8211; Ha escrito numerosos art\u00edculos sobre el impacto de la seguridad social en las empresas.<br \/>&#8211; Profesor invitado en distintas universidades del pa\u00eds.<\/p><p>Antes de fundar CASS, Javier fue socio en un importante despacho dedicado al litigio fiscal y de la seguridad social. Tambi\u00e9n colabor\u00f3 como asesor y posteriormente como Jefe del Departamento Jur\u00eddico de Seguro Social, en la Confederaci\u00f3n Patronal de la Rep\u00fablica Mexicana (COPARMEX).<\/p>\t\t\t\t\t<\/div>\n\t\t\t\t\t\t<\/div>\n\t\t\t\t<\/div>\n\t\t\t\t\t\t<\/div>\n\t\t\t\t\t<\/div>\n\t\t<\/div>\n\t\t\t\t<div class=\"aux-parallax-section elementor-column elementor-col-50 elementor-inner-column elementor-element elementor-element-6233b64\" data-id=\"6233b64\" data-element_type=\"column\" data-settings=\"{&quot;background_background&quot;:&quot;classic&quot;}\">\n\t\t\t<div class=\"elementor-column-wrap elementor-element-populated\">\n\t\t\t\t\t<div class=\"elementor-background-overlay\"><\/div>\n\t\t\t\t\t\t\t<div class=\"elementor-widget-wrap\">\n\t\t\t\t\t\t<div class=\"elementor-element elementor-element-a2422e5 elementor-widget elementor-widget-image\" data-id=\"a2422e5\" data-element_type=\"widget\" data-widget_type=\"image.default\">\n\t\t\t\t<div class=\"elementor-widget-container\">\n\t\t\t\t\t\t\t\t<div class=\"elementor-image\">\n\t\t\t\t\t\t\t\t\t\t\t\t<img width=\"405\" height=\"565\" src=\"https:\/\/cass.mockup.com.mx\/wp-content\/uploads\/2021\/09\/Javier-patino-bio.jpg\" class=\"attachment-full size-full\" alt=\"\" loading=\"lazy\" \/>\t\t\t\t\t\t\t\t\t\t\t\t\t\t<\/div>\n\t\t\t\t\t\t<\/div>\n\t\t\t\t<\/div>\n\t\t\t\t<div class=\"elementor-element elementor-element-aef369e elementor-widget elementor-widget-text-editor\" data-id=\"aef369e\" data-element_type=\"widget\" data-widget_type=\"text-editor.default\">\n\t\t\t\t<div class=\"elementor-widget-container\">\n\t\t\t\t\t\t\t\t<div class=\"elementor-text-editor elementor-clearfix\">\n\t\t\t\t<p><strong><em>\u201cDesde hace 40 a\u00f1os, no ha habido un d\u00eda en que no me dedique a la seguridad social<\/em><\/strong><strong><em>\u201d<\/em>\u00a0<\/strong><\/p>\t\t\t\t\t<\/div>\n\t\t\t\t\t\t<\/div>\n\t\t\t\t<\/div>\n\t\t\t\t\t\t<\/div>\n\t\t\t\t\t<\/div>\n\t\t<\/div>\n\t\t\t\t\t\t\t\t<\/div>\n\t\t\t\t\t<\/div>\n\t\t<\/section>\n\t\t\t\t\t\t<\/div>\n\t\t\t\t\t<\/div>\n\t\t<\/div>\n\t\t\t\t\t\t\t\t<\/div>\n\t\t\t\t\t<\/div>\n\t\t<\/section>\n\t\t\t\t\t\t<\/div>\n\t\t\t\t\t\t<\/div>\n\t\t\t\t\t<\/div>\n\t\t","protected":false},"excerpt":{"rendered":"<p>Javier Pati\u00f1o Rodr\u00edguez Socio Director Javier es egresado de la Facultad de Derecho de la UNAM. fund\u00f3 CASS el 10 de marzo de 1985. Desde entonces es el Socio Director de la firma. Javier es ampliamente reconocido en los \u00e1mbitos empresarial y gremial como un referente de la seguridad social. Frecuentemente es consultado por fiscalistas, [&hellip;]<\/p>\n","protected":false},"author":1,"featured_media":0,"parent":1622,"menu_order":0,"comment_status":"closed","ping_status":"closed","template":"elementor_header_footer","meta":{"_monsterinsights_skip_tracking":false,"_monsterinsights_sitenote_active":false,"_monsterinsights_sitenote_note":"","_monsterinsights_sitenote_category":0},"_links":{"self":[{"href":"https:\/\/cass.mockup.com.mx\/index.php\/wp-json\/wp\/v2\/pages\/1909"}],"collection":[{"href":"https:\/\/cass.mockup.com.mx\/index.php\/wp-json\/wp\/v2\/pages"}],"about":[{"href":"https:\/\/cass.mockup.com.mx\/index.php\/wp-json\/wp\/v2\/types\/page"}],"author":[{"embeddable":true,"href":"https:\/\/cass.mockup.com.mx\/index.php\/wp-json\/wp\/v2\/users\/1"}],"replies":[{"embeddable":true,"href":"https:\/\/cass.mockup.com.mx\/index.php\/wp-json\/wp\/v2\/comments?post=1909"}],"version-history":[{"count":25,"href":"https:\/\/cass.mockup.com.mx\/index.php\/wp-json\/wp\/v2\/pages\/1909\/revisions"}],"predecessor-version":[{"id":2425,"href":"https:\/\/cass.mockup.com.mx\/index.php\/wp-json\/wp\/v2\/pages\/1909\/revisions\/2425"}],"up":[{"embeddable":true,"href":"https:\/\/cass.mockup.com.mx\/index.php\/wp-json\/wp\/v2\/pages\/1622"}],"wp:attachment":[{"href":"https:\/\/cass.mockup.com.mx\/index.php\/wp-json\/wp\/v2\/media?parent=1909"}],"curies":[{"name":"wp","href":"https:\/\/api.w.org\/{rel}","templated":true}]}}